{"id":911,"date":"2024-07-30T01:31:08","date_gmt":"2024-07-30T01:31:08","guid":{"rendered":"https:\/\/pricingdentistinmiami.com\/?page_id=911"},"modified":"2024-07-30T01:44:44","modified_gmt":"2024-07-30T01:44:44","slug":"forms","status":"publish","type":"page","link":"https:\/\/pricingdentistinmiami.com\/pt\/forms\/","title":{"rendered":"Formul\u00e1rios"},"content":{"rendered":"<style>.elementor-911 .elementor-element.elementor-element-c224e01{--display:flex;--min-height:10vh;--flex-direction:column;--container-widget-width:100%;--container-widget-height:initial;--container-widget-flex-grow:0;--container-widget-align-self:initial;--flex-wrap-mobile:wrap;--justify-content:center;--margin-top:0%;--margin-bottom:-6%;--margin-left:0%;--margin-right:0%;--z-index:5;}.elementor-911 .elementor-element.elementor-element-c224e01:not(.elementor-motion-effects-element-type-background), .elementor-911 .elementor-element.elementor-element-c224e01 > .elementor-motion-effects-container > .elementor-motion-effects-layer{background-color:transparent;background-image:linear-gradient(90deg, var( --e-global-color-accent ) 0%, var( --e-global-color-410df4d ) 100%);}.elementor-911 .elementor-element.elementor-element-71599e0 img{width:21%;}.elementor-911 .elementor-element.elementor-element-6d0ef80{--display:flex;--min-height:90vh;--flex-direction:row;--container-widget-width:initial;--container-widget-height:100%;--container-widget-flex-grow:1;--container-widget-align-self:stretch;--flex-wrap-mobile:wrap;--overflow:hidden;--overlay-opacity:0.1;--border-radius:0px 0px 0px 0px;--padding-top:5em;--padding-bottom:0em;--padding-left:0em;--padding-right:0em;}.elementor-911 .elementor-element.elementor-element-6d0ef80:not(.elementor-motion-effects-element-type-background), .elementor-911 .elementor-element.elementor-element-6d0ef80 > .elementor-motion-effects-container > .elementor-motion-effects-layer{background-color:transparent;background-image:linear-gradient(90deg, var( --e-global-color-1f2b43b ) 0%, var( --e-global-color-410df4d ) 100%);}.elementor-911 .elementor-element.elementor-element-6d0ef80::before, .elementor-911 .elementor-element.elementor-element-6d0ef80 > .elementor-background-video-container::before, .elementor-911 .elementor-element.elementor-element-6d0ef80 > .e-con-inner > .elementor-background-video-container::before, .elementor-911 .elementor-element.elementor-element-6d0ef80 > .elementor-background-slideshow::before, .elementor-911 .elementor-element.elementor-element-6d0ef80 > .e-con-inner > .elementor-background-slideshow::before, .elementor-911 .elementor-element.elementor-element-6d0ef80 > .elementor-motion-effects-container > .elementor-motion-effects-layer::before{--background-overlay:'';background-image:url(\"https:\/\/pricingdentistinmiami.com\/wp-content\/uploads\/2024\/07\/Dentist-in-Miami-3-1.webp\");background-position:center center;background-size:cover;}.elementor-911 .elementor-element.elementor-element-6d0ef80::before{filter:brightness( 100% ) contrast( 100% ) saturate( 100% ) blur( 0px ) hue-rotate( 0deg );}.elementor-911 .elementor-element.elementor-element-fb6554e{--display:flex;--justify-content:center;}.elementor-911 .elementor-element.elementor-element-ac933e7 .elementor-heading-title{color:var( --e-global-color-secondary );}.elementor-911 .elementor-element.elementor-element-ac933e7 > .elementor-widget-container{padding:10px 10px 10px 10px;background-color:transparent;background-image:linear-gradient(90deg, var( --e-global-color-1f2b43b ) 40%, var( --e-global-color-a12aa7f ) 100%);}.elementor-911 .elementor-element.elementor-element-ac933e7.elementor-element{--align-self:flex-start;}.elementor-911 .elementor-element.elementor-element-83d7e7a .elementor-heading-title{font-size:60px;color:var( --e-global-color-secondary );}.elementor-911 .elementor-element.elementor-element-27a25a1{color:var( --e-global-color-secondary );}.elementor-911 .elementor-element.elementor-element-c0b8b4c{--display:flex;--flex-direction:row;--container-widget-width:calc( ( 1 - var( --container-widget-flex-grow ) ) * 100% );--container-widget-height:100%;--container-widget-flex-grow:1;--container-widget-align-self:stretch;--flex-wrap-mobile:wrap;--align-items:center;}.elementor-911 .elementor-element.elementor-element-23d0aad{--display:flex;--justify-content:flex-end;--overlay-opacity:0.65;}.elementor-911 .elementor-element.elementor-element-23d0aad::before, .elementor-911 .elementor-element.elementor-element-23d0aad > .elementor-background-video-container::before, .elementor-911 .elementor-element.elementor-element-23d0aad > .e-con-inner > .elementor-background-video-container::before, .elementor-911 .elementor-element.elementor-element-23d0aad > .elementor-background-slideshow::before, .elementor-911 .elementor-element.elementor-element-23d0aad > .e-con-inner > .elementor-background-slideshow::before, .elementor-911 .elementor-element.elementor-element-23d0aad > .elementor-motion-effects-container > .elementor-motion-effects-layer::before{--background-overlay:'';background-image:url(\"https:\/\/pricingdentistinmiami.com\/wp-content\/uploads\/2024\/07\/Heroimgbg.png\");background-position:center center;background-repeat:no-repeat;background-size:90% auto;}.elementor-911 .elementor-element.elementor-element-49c18c3 img{width:63%;}@media(max-width:1024px){.elementor-911 .elementor-element.elementor-element-c224e01{--margin-top:0%;--margin-bottom:-14%;--margin-left:0%;--margin-right:0%;}.elementor-911 .elementor-element.elementor-element-6d0ef80{--flex-direction:column;--container-widget-width:100%;--container-widget-height:initial;--container-widget-flex-grow:0;--container-widget-align-self:initial;--flex-wrap-mobile:wrap;}.elementor-911 .elementor-element.elementor-element-fb6554e{--padding-top:7em;--padding-bottom:0em;--padding-left:0em;--padding-right:0em;}.elementor-911 .elementor-element.elementor-element-ac933e7.elementor-element{--align-self:center;}.elementor-911 .elementor-element.elementor-element-83d7e7a{text-align:center;}.elementor-911 .elementor-element.elementor-element-27a25a1{text-align:center;}.elementor-911 .elementor-element.elementor-element-c0b8b4c{--justify-content:center;}.elementor-911 .elementor-element.elementor-element-c0b8b4c.e-con{--align-self:center;}.elementor-911 .elementor-element.elementor-element-23d0aad::before, .elementor-911 .elementor-element.elementor-element-23d0aad > .elementor-background-video-container::before, .elementor-911 .elementor-element.elementor-element-23d0aad > .e-con-inner > .elementor-background-video-container::before, .elementor-911 .elementor-element.elementor-element-23d0aad > .elementor-background-slideshow::before, .elementor-911 .elementor-element.elementor-element-23d0aad > .e-con-inner > .elementor-background-slideshow::before, .elementor-911 .elementor-element.elementor-element-23d0aad > .elementor-motion-effects-container > .elementor-motion-effects-layer::before{background-size:65% auto;}.elementor-911 .elementor-element.elementor-element-49c18c3{text-align:center;}.elementor-911 .elementor-element.elementor-element-49c18c3 img{width:70%;}}@media(max-width:767px){.elementor-911 .elementor-element.elementor-element-c224e01{--margin-top:0%;--margin-bottom:-22%;--margin-left:0%;--margin-right:0%;}.elementor-911 .elementor-element.elementor-element-83d7e7a .elementor-heading-title{font-size:26px;}}<\/style>\t\t<div data-elementor-type=\"wp-page\" data-elementor-id=\"911\" class=\"elementor elementor-911\" data-elementor-post-type=\"page\">\n\t\t\t\t<div class=\"elementor-element elementor-element-c224e01 e-flex e-con-boxed wpr-particle-no wpr-jarallax-no wpr-parallax-no wpr-sticky-section-no e-con e-parent\" data-id=\"c224e01\" data-element_type=\"container\" data-e-type=\"container\" data-settings=\"{&quot;background_background&quot;:&quot;gradient&quot;}\">\n\t\t\t\t\t<div class=\"e-con-inner\">\n\t\t\t\t<div class=\"elementor-element elementor-element-71599e0 elementor-widget elementor-widget-image\" data-id=\"71599e0\" data-element_type=\"widget\" data-e-type=\"widget\" data-widget_type=\"image.default\">\n\t\t\t\t<div class=\"elementor-widget-container\">\n\t\t\t\t\t\t\t\t\t\t\t\t\t\t\t<img fetchpriority=\"high\" decoding=\"async\" width=\"3662\" height=\"999\" src=\"https:\/\/pricingdentistinmiami.com\/wp-content\/uploads\/2024\/07\/Logo-Dentist-in-Miami-wh-2-1.png\" class=\"attachment-full size-full wp-image-494\" alt=\"\" srcset=\"https:\/\/pricingdentistinmiami.com\/wp-content\/uploads\/2024\/07\/Logo-Dentist-in-Miami-wh-2-1.png 3662w, https:\/\/pricingdentistinmiami.com\/wp-content\/uploads\/2024\/07\/Logo-Dentist-in-Miami-wh-2-1-300x82.png 300w, https:\/\/pricingdentistinmiami.com\/wp-content\/uploads\/2024\/07\/Logo-Dentist-in-Miami-wh-2-1-1024x279.png 1024w, https:\/\/pricingdentistinmiami.com\/wp-content\/uploads\/2024\/07\/Logo-Dentist-in-Miami-wh-2-1-768x210.png 768w, https:\/\/pricingdentistinmiami.com\/wp-content\/uploads\/2024\/07\/Logo-Dentist-in-Miami-wh-2-1-1536x419.png 1536w, https:\/\/pricingdentistinmiami.com\/wp-content\/uploads\/2024\/07\/Logo-Dentist-in-Miami-wh-2-1-2048x559.png 2048w\" sizes=\"(max-width: 3662px) 100vw, 3662px\" \/>\t\t\t\t\t\t\t\t\t\t\t\t\t\t\t<\/div>\n\t\t\t\t<\/div>\n\t\t\t\t\t<\/div>\n\t\t\t\t<\/div>\n\t\t<div class=\"elementor-element elementor-element-6d0ef80 e-flex e-con-boxed wpr-particle-no wpr-jarallax-no wpr-parallax-no wpr-sticky-section-no e-con e-parent\" data-id=\"6d0ef80\" data-element_type=\"container\" data-e-type=\"container\" data-settings=\"{&quot;background_background&quot;:&quot;gradient&quot;}\">\n\t\t\t\t\t<div class=\"e-con-inner\">\n\t\t<div class=\"elementor-element elementor-element-fb6554e animated-slow e-flex e-con-boxed wpr-particle-no wpr-jarallax-no wpr-parallax-no wpr-sticky-section-no elementor-invisible e-con e-child\" data-id=\"fb6554e\" data-element_type=\"container\" data-e-type=\"container\" data-settings=\"{&quot;animation&quot;:&quot;fadeInUp&quot;}\">\n\t\t\t\t\t<div class=\"e-con-inner\">\n\t\t\t\t<div class=\"elementor-element elementor-element-ac933e7 elementor-widget elementor-widget-heading\" data-id=\"ac933e7\" data-element_type=\"widget\" data-e-type=\"widget\" data-widget_type=\"heading.default\">\n\t\t\t\t<div class=\"elementor-widget-container\">\n\t\t\t\t\t<h6 class=\"elementor-heading-title elementor-size-default\">Consulta on-line com um dentista\n\n\n\n\n\n\n<\/h6>\t\t\t\t<\/div>\n\t\t\t\t<\/div>\n\t\t\t\t<div class=\"elementor-element elementor-element-83d7e7a elementor-widget elementor-widget-heading\" data-id=\"83d7e7a\" data-element_type=\"widget\" data-e-type=\"widget\" data-widget_type=\"heading.default\">\n\t\t\t\t<div class=\"elementor-widget-container\">\n\t\t\t\t\t<h1 class=\"elementor-heading-title elementor-size-default\">Transforme seu sorriso com nossa avalia\u00e7\u00e3o e tratamento ortod\u00f4ntico on-line<\/h1>\t\t\t\t<\/div>\n\t\t\t\t<\/div>\n\t\t\t\t<div class=\"elementor-element elementor-element-27a25a1 elementor-widget elementor-widget-text-editor\" data-id=\"27a25a1\" data-element_type=\"widget\" data-e-type=\"widget\" data-widget_type=\"text-editor.default\">\n\t\t\t\t<div class=\"elementor-widget-container\">\n\t\t\t\t\t\t\t\t\t<p>Receba seu or\u00e7amento, inicie seu tratamento e escolha entre atendimento domiciliar ou atendimento na cl\u00ednica.<\/p>\t\t\t\t\t\t\t\t<\/div>\n\t\t\t\t<\/div>\n\t\t<div class=\"elementor-element elementor-element-c0b8b4c e-flex e-con-boxed wpr-particle-no wpr-jarallax-no wpr-parallax-no wpr-sticky-section-no e-con e-child\" data-id=\"c0b8b4c\" data-element_type=\"container\" data-e-type=\"container\">\n\t\t\t\t\t<div class=\"e-con-inner\">\n\t\t\t\t\t<\/div>\n\t\t\t\t<\/div>\n\t\t\t\t\t<\/div>\n\t\t\t\t<\/div>\n\t\t<div class=\"elementor-element elementor-element-23d0aad e-flex e-con-boxed wpr-particle-no wpr-jarallax-no wpr-parallax-no wpr-sticky-section-no e-con e-child\" data-id=\"23d0aad\" data-element_type=\"container\" data-e-type=\"container\">\n\t\t\t\t\t<div class=\"e-con-inner\">\n\t\t\t\t<div class=\"elementor-element elementor-element-49c18c3 elementor-widget elementor-widget-image\" data-id=\"49c18c3\" data-element_type=\"widget\" data-e-type=\"widget\" data-widget_type=\"image.default\">\n\t\t\t\t<div class=\"elementor-widget-container\">\n\t\t\t\t\t\t\t\t\t\t\t\t\t\t\t<img decoding=\"async\" width=\"500\" height=\"758\" src=\"https:\/\/pricingdentistinmiami.com\/wp-content\/uploads\/2024\/07\/Home-Best-Dentist-in-Miami-1-2.png\" class=\"attachment-full size-full wp-image-761\" alt=\"\" srcset=\"https:\/\/pricingdentistinmiami.com\/wp-content\/uploads\/2024\/07\/Home-Best-Dentist-in-Miami-1-2.png 500w, https:\/\/pricingdentistinmiami.com\/wp-content\/uploads\/2024\/07\/Home-Best-Dentist-in-Miami-1-2-198x300.png 198w, https:\/\/pricingdentistinmiami.com\/wp-content\/uploads\/2024\/07\/Home-Best-Dentist-in-Miami-1-2-8x12.png 8w\" sizes=\"(max-width: 500px) 100vw, 500px\" \/>\t\t\t\t\t\t\t\t\t\t\t\t\t\t\t<\/div>\n\t\t\t\t<\/div>\n\t\t\t\t\t<\/div>\n\t\t\t\t<\/div>\n\t\t\t\t\t<\/div>\n\t\t\t\t<\/div>\n\t\t\t\t<\/div>","protected":false},"excerpt":{"rendered":"<p>Online Consultation with a Dentist Transform Your Smile with Our Online Orthodontic Assessment and Treatment Receive your quote, start your treatment, and choose between home care or in-clinic service.<\/p>","protected":false},"author":3,"featured_media":0,"parent":0,"menu_order":0,"comment_status":"closed","ping_status":"closed","template":"elementor_canvas","meta":{"site-sidebar-layout":"no-sidebar","site-content-layout":"","ast-site-content-layout":"full-width-container","site-content-style":"default","site-sidebar-style":"default","ast-global-header-display":"","ast-banner-title-visibility":"","ast-main-header-display":"","ast-hfb-above-header-display":"","ast-hfb-below-header-display":"","ast-hfb-mobile-header-display":"","site-post-title":"disabled","ast-breadcrumbs-content":"","ast-featured-img":"disabled","footer-sml-layout":"","theme-transparent-header-meta":"","adv-header-id-meta":"","stick-header-meta":"","header-above-stick-meta":"","header-main-stick-meta":"","header-below-stick-meta":"","astra-migrate-meta-layouts":"default","ast-page-background-enabled":"default","ast-page-background-meta":{"desktop":{"background-color":"var(--ast-global-color-4)","background-image":"","background-repeat":"repeat","background-position":"center center","background-size":"auto","background-attachment":"scroll","background-type":"","background-media":"","overlay-type":"","overlay-color":"","overlay-opacity":"","overlay-gradient":""},"tablet":{"background-color":"","background-image":"","background-repeat":"repeat","background-position":"center center","background-size":"auto","background-attachment":"scroll","background-type":"","background-media":"","overlay-type":"","overlay-color":"","overlay-opacity":"","overlay-gradient":""},"mobile":{"background-color":"","background-image":"","background-repeat":"repeat","background-position":"center center","background-size":"auto","background-attachment":"scroll","background-type":"","background-media":"","overlay-type":"","overlay-color":"","overlay-opacity":"","overlay-gradient":""}},"ast-content-background-meta":{"desktop":{"background-color":"var(--ast-global-color-5)","background-image":"","background-repeat":"repeat","background-position":"center center","background-size":"auto","background-attachment":"scroll","background-type":"","background-media":"","overlay-type":"","overlay-color":"","overlay-opacity":"","overlay-gradient":""},"tablet":{"background-color":"var(--ast-global-color-5)","background-image":"","background-repeat":"repeat","background-position":"center center","background-size":"auto","background-attachment":"scroll","background-type":"","background-media":"","overlay-type":"","overlay-color":"","overlay-opacity":"","overlay-gradient":""},"mobile":{"background-color":"var(--ast-global-color-5)","background-image":"","background-repeat":"repeat","background-position":"center center","background-size":"auto","background-attachment":"scroll","background-type":"","background-media":"","overlay-type":"","overlay-color":"","overlay-opacity":"","overlay-gradient":""}},"footnotes":""},"class_list":["post-911","page","type-page","status-publish","hentry"],"_links":{"self":[{"href":"https:\/\/pricingdentistinmiami.com\/pt\/wp-json\/wp\/v2\/pages\/911"}],"collection":[{"href":"https:\/\/pricingdentistinmiami.com\/pt\/wp-json\/wp\/v2\/pages"}],"about":[{"href":"https:\/\/pricingdentistinmiami.com\/pt\/wp-json\/wp\/v2\/types\/page"}],"author":[{"embeddable":true,"href":"https:\/\/pricingdentistinmiami.com\/pt\/wp-json\/wp\/v2\/users\/3"}],"replies":[{"embeddable":true,"href":"https:\/\/pricingdentistinmiami.com\/pt\/wp-json\/wp\/v2\/comments?post=911"}],"version-history":[{"count":10,"href":"https:\/\/pricingdentistinmiami.com\/pt\/wp-json\/wp\/v2\/pages\/911\/revisions"}],"predecessor-version":[{"id":924,"href":"https:\/\/pricingdentistinmiami.com\/pt\/wp-json\/wp\/v2\/pages\/911\/revisions\/924"}],"wp:attachment":[{"href":"https:\/\/pricingdentistinmiami.com\/pt\/wp-json\/wp\/v2\/media?parent=911"}],"curies":[{"name":"wp","href":"https:\/\/api.w.org\/{rel}","templated":true}]}}